{"id":97,"date":"2019-04-02T12:58:44","date_gmt":"2019-04-02T12:58:44","guid":{"rendered":"https:\/\/demo.themeisle.com\/neve-charity\/?page_id=97"},"modified":"2024-08-20T13:56:31","modified_gmt":"2024-08-20T10:56:31","slug":"5c1d3-frontpage","status":"publish","type":"page","link":"https:\/\/www.buyukkutluvakfi.org.tr\/","title":{"rendered":"Ana Sayfa"},"content":{"rendered":"\t\t<div data-elementor-type=\"wp-post\" data-elementor-id=\"97\" class=\"elementor elementor-97\" data-elementor-settings=\"[]\">\n\t\t\t\t\t\t<div class=\"elementor-inner\">\n\t\t\t\t\t\t\t<div class=\"elementor-section-wrap\">\n\t\t\t\t\t\t\t<section class=\"elementor-section elementor-top-section elementor-element elementor-element-3b8c749 elementor-section-boxed elementor-section-height-default elementor-section-height-default\" data-id=\"3b8c749\" data-element_type=\"section\">\n\t\t\t\t\t\t<div class=\"elementor-container elementor-column-gap-default\">\n\t\t\t\t\t\t\t<div class=\"elementor-row\">\n\t\t\t\t\t<div class=\"elementor-column elementor-col-100 elementor-top-column elementor-element elementor-element-14bf420\" data-id=\"14bf420\" data-element_type=\"column\">\n\t\t\t<div class=\"elementor-column-wrap elementor-element-populated\">\n\t\t\t\t\t\t\t<div class=\"elementor-widget-wrap\">\n\t\t\t\t\t\t<div class=\"elementor-element elementor-element-6f93488 elementor-widget elementor-widget-text-editor\" data-id=\"6f93488\" data-element_type=\"widget\" data-widget_type=\"text-editor.default\">\n\t\t\t\t<div class=\"elementor-widget-container\">\n\t\t\t\t\t\t\t\t<div class=\"elementor-text-editor elementor-clearfix\">\n\t\t\t\t\t<p><img decoding=\"async\" loading=\"lazy\" class=\"alignnone size-full wp-image-246\" src=\"http:\/\/www.buyukkutluvakfi.org.tr\/wp-content\/uploads\/2021\/08\/vakifsite_banner.png\" alt=\"\" width=\"1001\" height=\"481\" srcset=\"https:\/\/www.buyukkutluvakfi.org.tr\/wp-content\/uploads\/2021\/08\/vakifsite_banner.png 1001w, https:\/\/www.buyukkutluvakfi.org.tr\/wp-content\/uploads\/2021\/08\/vakifsite_banner-300x144.png 300w, https:\/\/www.buyukkutluvakfi.org.tr\/wp-content\/uploads\/2021\/08\/vakifsite_banner-768x369.png 768w\" sizes=\"(max-width: 1001px) 100vw, 1001px\" \/><\/p>\t\t\t\t\t<\/div>\n\t\t\t\t\t\t<\/div>\n\t\t\t\t<\/div>\n\t\t\t\t\t\t<\/div>\n\t\t\t\t\t<\/div>\n\t\t<\/div>\n\t\t\t\t\t\t\t\t<\/div>\n\t\t\t\t\t<\/div>\n\t\t<\/section>\n\t\t\t\t<section class=\"elementor-section elementor-top-section elementor-element elementor-element-09ecda2 elementor-section-boxed elementor-section-height-default elementor-section-height-default\" data-id=\"09ecda2\" data-element_type=\"section\">\n\t\t\t\t\t\t<div class=\"elementor-container elementor-column-gap-default\">\n\t\t\t\t\t\t\t<div class=\"elementor-row\">\n\t\t\t\t\t<div class=\"elementor-column elementor-col-100 elementor-top-column elementor-element elementor-element-5c1d57b\" data-id=\"5c1d57b\" data-element_type=\"column\">\n\t\t\t<div class=\"elementor-column-wrap elementor-element-populated\">\n\t\t\t\t\t\t\t<div class=\"elementor-widget-wrap\">\n\t\t\t\t\t\t<div class=\"elementor-element elementor-element-65ed75b elementor-arrows-position-inside elementor-pagination-position-outside elementor-widget elementor-widget-image-carousel\" data-id=\"65ed75b\" data-element_type=\"widget\" data-settings=\"{&quot;navigation&quot;:&quot;both&quot;,&quot;autoplay&quot;:&quot;yes&quot;,&quot;pause_on_hover&quot;:&quot;yes&quot;,&quot;pause_on_interaction&quot;:&quot;yes&quot;,&quot;autoplay_speed&quot;:5000,&quot;infinite&quot;:&quot;yes&quot;,&quot;speed&quot;:500}\" data-widget_type=\"image-carousel.default\">\n\t\t\t\t<div class=\"elementor-widget-container\">\n\t\t\t\t\t<div class=\"elementor-image-carousel-wrapper swiper-container\" dir=\"ltr\">\n\t\t\t<div class=\"elementor-image-carousel swiper-wrapper\">\n\t\t\t\t<div class=\"swiper-slide\"><a data-elementor-open-lightbox=\"yes\" data-elementor-lightbox-slideshow=\"65ed75b\" data-elementor-lightbox-title=\"Kutlu Yalva\u00e7 Camii\" data-elementor-lightbox-description=\"2005 y\u0131l\u0131nda \u0130zmir Narl\u0131dere Yenik\u00f6y Mahallesi\u2019nde Kutlu Yalva\u00e7 Camii\u2019nin yap\u0131m\u0131 ger\u00e7ekle\u015ftirilmi\u015ftir.\" href=\"https:\/\/www.buyukkutluvakfi.org.tr\/wp-content\/uploads\/2020\/03\/picture14.jpg\"><figure class=\"swiper-slide-inner\"><img decoding=\"async\" class=\"swiper-slide-image\" src=\"https:\/\/www.buyukkutluvakfi.org.tr\/wp-content\/uploads\/2020\/03\/picture14-150x150.jpg\" alt=\"KUTLU YALVA\u00c7 CAM\u0130\u0130 \u2013 2005\" \/><figcaption class=\"elementor-image-carousel-caption\">2005 y\u0131l\u0131nda \u0130zmir Narl\u0131dere Yenik\u00f6y Mahallesi\u2019nde Kutlu Yalva\u00e7 Camii\u2019nin yap\u0131m\u0131 ger\u00e7ekle\u015ftirilmi\u015ftir.<\/figcaption><\/figure><\/a><\/div><div class=\"swiper-slide\"><a data-elementor-open-lightbox=\"yes\" data-elementor-lightbox-slideshow=\"65ed75b\" data-elementor-lightbox-title=\"akalansaglikevi\" data-elementor-lightbox-description=\"2008 y\u0131l\u0131nda \u0130zmir Kemalpa\u015fa\u2019da Akalan Sa\u011fl\u0131k Evi\u2019nin yap\u0131m\u0131 ger\u00e7ekle\u015ftirildi.\" href=\"https:\/\/www.buyukkutluvakfi.org.tr\/wp-content\/uploads\/2021\/08\/akalansaglikevi.jpg\"><figure class=\"swiper-slide-inner\"><img decoding=\"async\" class=\"swiper-slide-image\" src=\"https:\/\/www.buyukkutluvakfi.org.tr\/wp-content\/uploads\/2021\/08\/akalansaglikevi-150x150.jpg\" alt=\"akalansaglikevi\" \/><figcaption class=\"elementor-image-carousel-caption\">2008 y\u0131l\u0131nda \u0130zmir Kemalpa\u015fa\u2019da Akalan Sa\u011fl\u0131k Evi\u2019nin yap\u0131m\u0131 ger\u00e7ekle\u015ftirildi.<\/figcaption><\/figure><\/a><\/div><div class=\"swiper-slide\"><a data-elementor-open-lightbox=\"yes\" data-elementor-lightbox-slideshow=\"65ed75b\" data-elementor-lightbox-title=\"picture10\" data-elementor-lightbox-description=\"2009 y\u0131l\u0131nda S\u00fcleyman Demirel \u00dcniversitesi B\u00fcy\u00fckkutlu Uygulamal\u0131 Bilimler Y\u00fcksekokulu\u2019nun yap\u0131m\u0131 ger\u00e7ekle\u015ftirildi.\" href=\"https:\/\/www.buyukkutluvakfi.org.tr\/wp-content\/uploads\/2020\/03\/picture10.jpg\"><figure class=\"swiper-slide-inner\"><img decoding=\"async\" class=\"swiper-slide-image\" src=\"https:\/\/www.buyukkutluvakfi.org.tr\/wp-content\/uploads\/2020\/03\/picture10-150x150.jpg\" alt=\"picture10\" \/><figcaption class=\"elementor-image-carousel-caption\">2009 y\u0131l\u0131nda S\u00fcleyman Demirel \u00dcniversitesi B\u00fcy\u00fckkutlu Uygulamal\u0131 Bilimler Y\u00fcksekokulu\u2019nun yap\u0131m\u0131 ger\u00e7ekle\u015ftirildi.<\/figcaption><\/figure><\/a><\/div><div class=\"swiper-slide\"><a data-elementor-open-lightbox=\"yes\" data-elementor-lightbox-slideshow=\"65ed75b\" data-elementor-lightbox-title=\"picture6\" data-elementor-lightbox-description=\"Isparta Yalva\u00e7\u2019ta Vesile B\u00fcy\u00fckkutlu \u00d6zel E\u011fitim \u0130\u015f Uygulama Merkezi Okulu\u2019nun yap\u0131m\u0131 ger\u00e7ekle\u015ftirildi.\" href=\"https:\/\/www.buyukkutluvakfi.org.tr\/wp-content\/uploads\/2020\/03\/picture6.jpg\"><figure class=\"swiper-slide-inner\"><img decoding=\"async\" class=\"swiper-slide-image\" src=\"https:\/\/www.buyukkutluvakfi.org.tr\/wp-content\/uploads\/2020\/03\/picture6-150x150.jpg\" alt=\"picture6\" \/><figcaption class=\"elementor-image-carousel-caption\">Isparta Yalva\u00e7\u2019ta Vesile B\u00fcy\u00fckkutlu \u00d6zel E\u011fitim \u0130\u015f Uygulama Merkezi Okulu\u2019nun yap\u0131m\u0131 ger\u00e7ekle\u015ftirildi.<\/figcaption><\/figure><\/a><\/div><div class=\"swiper-slide\"><a data-elementor-open-lightbox=\"yes\" data-elementor-lightbox-slideshow=\"65ed75b\" data-elementor-lightbox-title=\"EGE TEKNOLOJI MERKEZI\" data-elementor-lightbox-description=\"2014 y\u0131l\u0131nda \u0130zmir Ege \u00dcniversitesi Teknopark \u0130deege \u0130nci Binas\u0131\u2019n\u0131n yap\u0131m\u0131 ger\u00e7ekle\u015ftirilmi\u015ftir.\" href=\"https:\/\/www.buyukkutluvakfi.org.tr\/wp-content\/uploads\/2020\/03\/picture12.jpg\"><figure class=\"swiper-slide-inner\"><img decoding=\"async\" class=\"swiper-slide-image\" src=\"https:\/\/www.buyukkutluvakfi.org.tr\/wp-content\/uploads\/2020\/03\/picture12-150x150.jpg\" alt=\"Lorem Ipsum is simply dummy text of the printing and typesetting industry. Lorem Ipsum has been the industry&#039;s\" \/><figcaption class=\"elementor-image-carousel-caption\">2014 y\u0131l\u0131nda \u0130zmir Ege \u00dcniversitesi Teknopark \u0130deege \u0130nci Binas\u0131\u2019n\u0131n yap\u0131m\u0131 ger\u00e7ekle\u015ftirilmi\u015ftir.<\/figcaption><\/figure><\/a><\/div><div class=\"swiper-slide\"><a data-elementor-open-lightbox=\"yes\" data-elementor-lightbox-slideshow=\"65ed75b\" data-elementor-lightbox-title=\"picture4\" data-elementor-lightbox-description=\"2015 y\u0131l\u0131nda \u0130zmir Kemalpa\u015fa Devlet Hastanesi 5 katl\u0131 ek hizmet binas\u0131n\u0131n yap\u0131m\u0131 ger\u00e7ekle\u015ftirilmi\u015ftir.\" href=\"https:\/\/www.buyukkutluvakfi.org.tr\/wp-content\/uploads\/2020\/03\/picture4.jpg\"><figure class=\"swiper-slide-inner\"><img decoding=\"async\" class=\"swiper-slide-image\" src=\"https:\/\/www.buyukkutluvakfi.org.tr\/wp-content\/uploads\/2020\/03\/picture4-150x150.jpg\" alt=\"picture4\" \/><figcaption class=\"elementor-image-carousel-caption\">2015 y\u0131l\u0131nda \u0130zmir Kemalpa\u015fa Devlet Hastanesi 5 katl\u0131 ek hizmet binas\u0131n\u0131n yap\u0131m\u0131 ger\u00e7ekle\u015ftirilmi\u015ftir.<\/figcaption><\/figure><\/a><\/div><div class=\"swiper-slide\"><a data-elementor-open-lightbox=\"yes\" data-elementor-lightbox-slideshow=\"65ed75b\" data-elementor-lightbox-title=\"YASLI BAKIM EVI\" data-elementor-lightbox-description=\"Isparta Yalva\u00e7&#039;ta yaptirilan Yasli Bakimevi ve Rehabilitasyon Merkezi yapimini \u00fcstlenip, T.C. Aile, \u00c7alisma ve Sosyal Hizmetler Bakanligina tahsis etti.\" href=\"https:\/\/www.buyukkutluvakfi.org.tr\/wp-content\/uploads\/2020\/03\/picture13.jpg\"><figure class=\"swiper-slide-inner\"><img decoding=\"async\" class=\"swiper-slide-image\" src=\"https:\/\/www.buyukkutluvakfi.org.tr\/wp-content\/uploads\/2020\/03\/picture13-150x150.jpg\" alt=\"YASLI BAKIM EVI\" \/><figcaption class=\"elementor-image-carousel-caption\">Isparta Yalva\u00e7'ta yaptirilan Yasli Bakimevi ve Rehabilitasyon Merkezi yapimini \u00fcstlenip, T.C. Aile, \u00c7alisma ve Sosyal Hizmetler Bakanligina tahsis etti.<\/figcaption><\/figure><\/a><\/div>\t\t\t<\/div>\n\t\t\t\t\t\t\t\t\t\t\t\t<div class=\"swiper-pagination\"><\/div>\n\t\t\t\t\t\t\t\t\t\t\t\t\t<div class=\"elementor-swiper-button elementor-swiper-button-prev\">\n\t\t\t\t\t\t<i class=\"eicon-chevron-left\" aria-hidden=\"true\"><\/i>\n\t\t\t\t\t\t<span class=\"elementor-screen-only\">\u00d6nceki<\/span>\n\t\t\t\t\t<\/div>\n\t\t\t\t\t<div class=\"elementor-swiper-button elementor-swiper-button-next\">\n\t\t\t\t\t\t<i class=\"eicon-chevron-right\" aria-hidden=\"true\"><\/i>\n\t\t\t\t\t\t<span class=\"elementor-screen-only\">Sonraki<\/span>\n\t\t\t\t\t<\/div>\n\t\t\t\t\t\t\t\t\t<\/div>\n\t\t\t\t<\/div>\n\t\t\t\t<\/div>\n\t\t\t\t\t\t<\/div>\n\t\t\t\t\t<\/div>\n\t\t<\/div>\n\t\t\t\t\t\t\t\t<\/div>\n\t\t\t\t\t<\/div>\n\t\t<\/section>\n\t\t\t\t<section class=\"elementor-section elementor-top-section elementor-element elementor-element-8fe18a8 elementor-section-boxed elementor-section-height-default elementor-section-height-default\" data-id=\"8fe18a8\" data-element_type=\"section\">\n\t\t\t\t\t\t<div class=\"elementor-container elementor-column-gap-default\">\n\t\t\t\t\t\t\t<div class=\"elementor-row\">\n\t\t\t\t\t<div class=\"elementor-column elementor-col-100 elementor-top-column elementor-element elementor-element-0db095c\" data-id=\"0db095c\" data-element_type=\"column\">\n\t\t\t<div class=\"elementor-column-wrap elementor-element-populated\">\n\t\t\t\t\t\t\t<div class=\"elementor-widget-wrap\">\n\t\t\t\t\t\t\t\t<\/div>\n\t\t\t\t\t<\/div>\n\t\t<\/div>\n\t\t\t\t\t\t\t\t<\/div>\n\t\t\t\t\t<\/div>\n\t\t<\/section>\n\t\t\t\t<section class=\"elementor-section elementor-top-section elementor-element elementor-element-3155939 elementor-section-boxed elementor-section-height-default elementor-section-height-default\" data-id=\"3155939\" data-element_type=\"section\">\n\t\t\t\t\t\t<div class=\"elementor-container elementor-column-gap-default\">\n\t\t\t\t\t\t\t<div class=\"elementor-row\">\n\t\t\t\t\t<div class=\"elementor-column elementor-col-100 elementor-top-column elementor-element elementor-element-3e3e707\" data-id=\"3e3e707\" data-element_type=\"column\">\n\t\t\t<div class=\"elementor-column-wrap\">\n\t\t\t\t\t\t\t<div class=\"elementor-widget-wrap\">\n\t\t\t\t\t\t\t\t<\/div>\n\t\t\t\t\t<\/div>\n\t\t<\/div>\n\t\t\t\t\t\t\t\t<\/div>\n\t\t\t\t\t<\/div>\n\t\t<\/section>\n\t\t\t\t\t\t<\/div>\n\t\t\t\t\t\t<\/div>\n\t\t\t\t\t<\/div>\n\t\t","protected":false},"excerpt":{"rendered":"<p>2005 y\u0131l\u0131nda \u0130zmir Narl\u0131dere Yenik\u00f6y Mahallesi\u2019nde Kutlu Yalva\u00e7 Camii\u2019nin yap\u0131m\u0131 ger\u00e7ekle\u015ftirilmi\u015ftir. 2008 y\u0131l\u0131nda \u0130zmir Kemalpa\u015fa\u2019da Akalan Sa\u011fl\u0131k Evi\u2019nin yap\u0131m\u0131 ger\u00e7ekle\u015ftirildi. 2009 y\u0131l\u0131nda S\u00fcleyman Demirel \u00dcniversitesi B\u00fcy\u00fckkutlu Uygulamal\u0131 Bilimler Y\u00fcksekokulu\u2019nun yap\u0131m\u0131 ger\u00e7ekle\u015ftirildi. Isparta Yalva\u00e7\u2019ta Vesile B\u00fcy\u00fckkutlu \u00d6zel E\u011fitim \u0130\u015f Uygulama Merkezi Okulu\u2019nun yap\u0131m\u0131 ger\u00e7ekle\u015ftirildi. 2014 y\u0131l\u0131nda \u0130zmir Ege \u00dcniversitesi Teknopark \u0130deege \u0130nci Binas\u0131\u2019n\u0131n yap\u0131m\u0131 ger\u00e7ekle\u015ftirilmi\u015ftir. 2015&hellip;&nbsp;<a href=\"https:\/\/www.buyukkutluvakfi.org.tr\/\" class=\"\" rel=\"bookmark\">Daha fazlas\u0131n\u0131 oku &raquo;<span class=\"screen-reader-text\">Ana Sayfa<\/span><\/a><\/p>\n","protected":false},"author":1,"featured_media":0,"parent":0,"menu_order":0,"comment_status":"closed","ping_status":"closed","template":"page-templates\/template-pagebuilder-full-width.php","meta":[],"_links":{"self":[{"href":"https:\/\/www.buyukkutluvakfi.org.tr\/index.php?rest_route=\/wp\/v2\/pages\/97"}],"collection":[{"href":"https:\/\/www.buyukkutluvakfi.org.tr\/index.php?rest_route=\/wp\/v2\/pages"}],"about":[{"href":"https:\/\/www.buyukkutluvakfi.org.tr\/index.php?rest_route=\/wp\/v2\/types\/page"}],"author":[{"embeddable":true,"href":"https:\/\/www.buyukkutluvakfi.org.tr\/index.php?rest_route=\/wp\/v2\/users\/1"}],"replies":[{"embeddable":true,"href":"https:\/\/www.buyukkutluvakfi.org.tr\/index.php?rest_route=%2Fwp%2Fv2%2Fcomments&post=97"}],"version-history":[{"count":140,"href":"https:\/\/www.buyukkutluvakfi.org.tr\/index.php?rest_route=\/wp\/v2\/pages\/97\/revisions"}],"predecessor-version":[{"id":439,"href":"https:\/\/www.buyukkutluvakfi.org.tr\/index.php?rest_route=\/wp\/v2\/pages\/97\/revisions\/439"}],"wp:attachment":[{"href":"https:\/\/www.buyukkutluvakfi.org.tr\/index.php?rest_route=%2Fwp%2Fv2%2Fmedia&parent=97"}],"curies":[{"name":"wp","href":"https:\/\/api.w.org\/{rel}","templated":true}]}}