{"id":456,"date":"2024-08-21T11:47:51","date_gmt":"2024-08-21T08:47:51","guid":{"rendered":"http:\/\/www.buyukkutluvakfi.org.tr\/?page_id=456"},"modified":"2024-08-21T12:14:23","modified_gmt":"2024-08-21T09:14:23","slug":"iletisim-bilgileri","status":"publish","type":"page","link":"https:\/\/www.buyukkutluvakfi.org.tr\/?page_id=456","title":{"rendered":"\u0130leti\u015fim Bilgileri"},"content":{"rendered":"\t\t<div data-elementor-type=\"wp-page\" data-elementor-id=\"456\" class=\"elementor elementor-456\" data-elementor-settings=\"[]\">\n\t\t\t\t\t\t<div class=\"elementor-inner\">\n\t\t\t\t\t\t\t<div class=\"elementor-section-wrap\">\n\t\t\t\t\t\t\t<section class=\"elementor-section elementor-top-section elementor-element elementor-element-2113b896 elementor-section-boxed elementor-section-height-default elementor-section-height-default\" data-id=\"2113b896\" data-element_type=\"section\">\n\t\t\t\t\t\t<div class=\"elementor-container elementor-column-gap-default\">\n\t\t\t\t\t\t\t<div class=\"elementor-row\">\n\t\t\t\t\t<div class=\"elementor-column elementor-col-100 elementor-top-column elementor-element elementor-element-33651819\" data-id=\"33651819\" data-element_type=\"column\">\n\t\t\t<div class=\"elementor-column-wrap elementor-element-populated\">\n\t\t\t\t\t\t\t<div class=\"elementor-widget-wrap\">\n\t\t\t\t\t\t<div class=\"elementor-element elementor-element-24cfb434 elementor-widget elementor-widget-text-editor\" data-id=\"24cfb434\" data-element_type=\"widget\" data-widget_type=\"text-editor.default\">\n\t\t\t\t<div class=\"elementor-widget-container\">\n\t\t\t\t\t\t\t\t<div class=\"elementor-text-editor elementor-clearfix\">\n\t\t\t\t\t<p style=\"margin-bottom: 1.25rem; font-family: 'Open Sans', Roboto, Arial, sans-serif; font-size: 14px; line-height: 1.6; text-rendering: optimizelegibility; color: #808080;\">Adres: Armutlu Ovas\u0131 Akalan Mah. Ba\u011f\u0131ms\u0131zl\u0131k K\u00fcme Evleri No:106 Kemalpa\u015fa &#8211; \u0130ZM\u0130R \/ T\u00dcRK\u0130YE<\/p>\n<p style=\"margin-bottom: 1.25rem; font-family: 'Open Sans', Roboto, Arial, sans-serif; font-size: 14px; line-height: 1.6; text-rendering: optimizelegibility; color: #808080;\">Tel: +90 (232) 876 10 40<\/p>\n<p style=\"margin-bottom: 1.25rem; font-family: 'Open Sans', Roboto, Arial, sans-serif; font-size: 14px; line-height: 1.6; text-rendering: optimizelegibility; color: #808080;\">E-Mail: kutlusan@kutlusan.com.tr<\/p>\t\t\t\t\t<\/div>\n\t\t\t\t\t\t<\/div>\n\t\t\t\t<\/div>\n\t\t\t\t\t\t<\/div>\n\t\t\t\t\t<\/div>\n\t\t<\/div>\n\t\t\t\t\t\t\t\t<\/div>\n\t\t\t\t\t<\/div>\n\t\t<\/section>\n\t\t\t\t<section class=\"elementor-section elementor-top-section elementor-element elementor-element-c6996a0 elementor-section-boxed elementor-section-height-default elementor-section-height-default\" data-id=\"c6996a0\" data-element_type=\"section\">\n\t\t\t\t\t\t<div class=\"elementor-container elementor-column-gap-default\">\n\t\t\t\t\t\t\t<div class=\"elementor-row\">\n\t\t\t\t\t<div class=\"elementor-column elementor-col-100 elementor-top-column elementor-element elementor-element-4368537\" data-id=\"4368537\" data-element_type=\"column\">\n\t\t\t<div class=\"elementor-column-wrap elementor-element-populated\">\n\t\t\t\t\t\t\t<div class=\"elementor-widget-wrap\">\n\t\t\t\t\t\t<div class=\"elementor-element elementor-element-b9494c7 elementor-widget elementor-widget-google_maps\" data-id=\"b9494c7\" data-element_type=\"widget\" data-widget_type=\"google_maps.default\">\n\t\t\t\t<div class=\"elementor-widget-container\">\n\t\t\t\t\t<div class=\"elementor-custom-embed\">\n\t\t\t<iframe frameborder=\"0\" scrolling=\"no\" marginheight=\"0\" marginwidth=\"0\" src=\"https:\/\/maps.google.com\/maps?q=38.452718413683584%2C%2027.471863783130107&amp;t=m&amp;z=10&amp;output=embed&amp;iwloc=near\" title=\"%3$s\" aria-label=\"%3$s\"><\/iframe>\n\t\t<\/div>\n\t\t\t\t<\/div>\n\t\t\t\t<\/div>\n\t\t\t\t\t\t<\/div>\n\t\t\t\t\t<\/div>\n\t\t<\/div>\n\t\t\t\t\t\t\t\t<\/div>\n\t\t\t\t\t<\/div>\n\t\t<\/section>\n\t\t\t\t\t\t<\/div>\n\t\t\t\t\t\t<\/div>\n\t\t\t\t\t<\/div>\n\t\t","protected":false},"excerpt":{"rendered":"<p>Adres: Armutlu Ovas\u0131 Akalan Mah. Ba\u011f\u0131ms\u0131zl\u0131k K\u00fcme Evleri No:106 Kemalpa\u015fa &#8211; \u0130ZM\u0130R \/ T\u00dcRK\u0130YE Tel: +90 (232) 876 10 40 E-Mail: kutlusan@kutlusan.com.tr<\/p>\n","protected":false},"author":1,"featured_media":0,"parent":0,"menu_order":0,"comment_status":"closed","ping_status":"closed","template":"","meta":[],"_links":{"self":[{"href":"https:\/\/www.buyukkutluvakfi.org.tr\/index.php?rest_route=\/wp\/v2\/pages\/456"}],"collection":[{"href":"https:\/\/www.buyukkutluvakfi.org.tr\/index.php?rest_route=\/wp\/v2\/pages"}],"about":[{"href":"https:\/\/www.buyukkutluvakfi.org.tr\/index.php?rest_route=\/wp\/v2\/types\/page"}],"author":[{"embeddable":true,"href":"https:\/\/www.buyukkutluvakfi.org.tr\/index.php?rest_route=\/wp\/v2\/users\/1"}],"replies":[{"embeddable":true,"href":"https:\/\/www.buyukkutluvakfi.org.tr\/index.php?rest_route=%2Fwp%2Fv2%2Fcomments&post=456"}],"version-history":[{"count":16,"href":"https:\/\/www.buyukkutluvakfi.org.tr\/index.php?rest_route=\/wp\/v2\/pages\/456\/revisions"}],"predecessor-version":[{"id":475,"href":"https:\/\/www.buyukkutluvakfi.org.tr\/index.php?rest_route=\/wp\/v2\/pages\/456\/revisions\/475"}],"wp:attachment":[{"href":"https:\/\/www.buyukkutluvakfi.org.tr\/index.php?rest_route=%2Fwp%2Fv2%2Fmedia&parent=456"}],"curies":[{"name":"wp","href":"https:\/\/api.w.org\/{rel}","templated":true}]}}