{"id":440,"date":"2024-08-20T15:29:36","date_gmt":"2024-08-20T12:29:36","guid":{"rendered":"http:\/\/www.buyukkutluvakfi.org.tr\/?page_id=440"},"modified":"2024-08-20T15:32:27","modified_gmt":"2024-08-20T12:32:27","slug":"elementor-440","status":"publish","type":"page","link":"https:\/\/www.buyukkutluvakfi.org.tr\/?page_id=440","title":{"rendered":"Sosyal Katk\u0131lar"},"content":{"rendered":"\t\t<div data-elementor-type=\"wp-page\" data-elementor-id=\"440\" class=\"elementor elementor-440\" data-elementor-settings=\"[]\">\n\t\t\t\t\t\t<div class=\"elementor-inner\">\n\t\t\t\t\t\t\t<div class=\"elementor-section-wrap\">\n\t\t\t\t\t\t\t<section class=\"elementor-section elementor-top-section elementor-element elementor-element-495838b8 elementor-section-boxed elementor-section-height-default elementor-section-height-default\" data-id=\"495838b8\" data-element_type=\"section\">\n\t\t\t\t\t\t<div class=\"elementor-container elementor-column-gap-default\">\n\t\t\t\t\t\t\t<div class=\"elementor-row\">\n\t\t\t\t\t<div class=\"elementor-column elementor-col-100 elementor-top-column elementor-element elementor-element-28fe1f5e\" data-id=\"28fe1f5e\" data-element_type=\"column\">\n\t\t\t<div class=\"elementor-column-wrap elementor-element-populated\">\n\t\t\t\t\t\t\t<div class=\"elementor-widget-wrap\">\n\t\t\t\t\t\t<div class=\"elementor-element elementor-element-1e5a1900 elementor-widget elementor-widget-text-editor\" data-id=\"1e5a1900\" data-element_type=\"widget\" data-widget_type=\"text-editor.default\">\n\t\t\t\t<div class=\"elementor-widget-container\">\n\t\t\t\t\t\t\t\t<div class=\"elementor-text-editor elementor-clearfix\">\n\t\t\t\t\t<p class=\"MsoListParagraphCxSpFirst\" style=\"text-indent: -18pt;\"><b>&nbsp; &nbsp; &nbsp;Konteyner Ev Projesi<\/b>: Do\u011fal afetlerden etkilenen ve bar\u0131nma sorunu ya\u015fayan aileler i\u00e7in ge\u00e7ici ya\u015fam alanlar\u0131 in\u015fa ettik. Bu konteyner evler, afet ma\u011fdurlar\u0131na g\u00fcvenli ve sa\u011flam bir bar\u0131nma imkan\u0131 sunarak, hayatlar\u0131na yeni bir ba\u015flang\u0131\u00e7 yapmalar\u0131na yard\u0131mc\u0131 oluyor. Projemiz, h\u0131zl\u0131 bir \u015fekilde kurulabilen ve ta\u015f\u0131nabilen yap\u0131lar\u0131 sayesinde, acil durumlarda etkin bir \u00e7\u00f6z\u00fcm sa\u011fl\u0131yor.<\/p>\n<p class=\"MsoListParagraphCxSpMiddle\" style=\"text-indent: -18pt;\"><span style=\"font-family: Symbol;\">&nbsp; &nbsp; &nbsp;&nbsp;<\/span><b>Narl\u0131dere Kutlu Yalva\u00e7 Cami ve Kemalpa\u015fa Akalan Sa\u011fl\u0131k Evi<\/b>: Toplumumuzun manevi ve fiziksel sa\u011fl\u0131\u011f\u0131n\u0131 g\u00f6zetmek amac\u0131yla in\u015fa etti\u011fimiz bu yap\u0131lar, dini g\u00f6revlerin yerine getirilmesine ve sa\u011fl\u0131k hizmetlerine eri\u015fimin kolayla\u015ft\u0131r\u0131lmas\u0131na katk\u0131 sa\u011fl\u0131yor. Cami, manevi bir merkez olarak toplumu bir araya getirirken, sa\u011fl\u0131k evi, temel sa\u011fl\u0131k hizmetlerine eri\u015fimi art\u0131rarak, bireylerin sa\u011fl\u0131k ihtiya\u00e7lar\u0131n\u0131 daha etkin bir \u015fekilde kar\u015f\u0131lamalar\u0131na olanak tan\u0131yor.<\/p>\n<p class=\"MsoListParagraphCxSpMiddle\" style=\"text-indent: -18pt;\"><span style=\"font-family: Symbol;\"><span style=\"font-variant-numeric: normal; font-variant-east-asian: normal; font-variant-alternates: normal; font-size-adjust: none; font-kerning: auto; font-optical-sizing: auto; font-feature-settings: normal; font-variation-settings: normal; font-variant-position: normal; font-stretch: normal; line-height: normal;\">&nbsp;<\/span><span style=\"font-variant-numeric: normal; font-variant-east-asian: normal; font-variant-alternates: normal; font-size-adjust: none; font-kerning: auto; font-optical-sizing: auto; font-feature-settings: normal; font-variation-settings: normal; font-variant-position: normal; font-stretch: normal; font-size: 7pt; line-height: normal;\"> &nbsp; &nbsp; &nbsp; &nbsp;<\/span><\/span><b>Vesile B\u00fcy\u00fckkutlu \u00d6zel E\u011fitim \u0130\u015f Uygulama Merkezi Okulu<\/b>: Engelli bireylerin e\u011fitim ve i\u015f becerilerini geli\u015ftirmek amac\u0131yla kurdu\u011fumuz \u00f6zel e\u011fitim i\u015f uygulama merkezi, bu bireylerin topluma aktif bir \u015fekilde kat\u0131lmalar\u0131n\u0131 ve ba\u011f\u0131ms\u0131z bir ya\u015fam s\u00fcrmelerini desteklemektedir. Merkezde sunulan e\u011fitim ve uygulamal\u0131 programlar, engelli bireylerin ki\u015fisel yeteneklerini ke\u015ffetmelerine ve i\u015f d\u00fcnyas\u0131nda kendilerine yer bulmalar\u0131na yard\u0131mc\u0131 olmaktad\u0131r. E\u011fitim programlar\u0131, bireylerin sosyal becerilerini g\u00fc\u00e7lendirerek, topluma daha iyi entegre olmalar\u0131n\u0131 ve g\u00fcnl\u00fck ya\u015famda daha ba\u011f\u0131ms\u0131z olmalar\u0131n\u0131 sa\u011flamaktad\u0131r.<\/p>\n<p class=\"MsoListParagraphCxSpMiddle\" style=\"text-indent: -18pt;\"><span style=\"font-family: Symbol;\"><span style=\"font-variant-numeric: normal; font-variant-east-asian: normal; font-variant-alternates: normal; font-size-adjust: none; font-kerning: auto; font-optical-sizing: auto; font-feature-settings: normal; font-variation-settings: normal; font-variant-position: normal; font-stretch: normal; line-height: normal;\">&nbsp;<\/span><span style=\"font-variant-numeric: normal; font-variant-east-asian: normal; font-variant-alternates: normal; font-size-adjust: none; font-kerning: auto; font-optical-sizing: auto; font-feature-settings: normal; font-variation-settings: normal; font-variant-position: normal; font-stretch: normal; font-size: 7pt; line-height: normal;\"> &nbsp; &nbsp; &nbsp; &nbsp;<\/span><\/span><b>Kemalpa\u015fa Devlet Hastanesi Ek Binas\u0131<\/b>: Sa\u011fl\u0131k hizmetlerinin kapasitesini art\u0131rmak ve daha fazla ki\u015fiye ula\u015fmak amac\u0131yla devlet hastanelerine ek hizmet binalar kazand\u0131r\u0131yoruz. Bu projeler ile \u00fclkemizde daha kolay ve daha kaliteli sa\u011fl\u0131k hizmeti al\u0131nmas\u0131n\u0131 hedefliyoruz. Ek binalar, hastanelerin mevcut altyap\u0131s\u0131n\u0131 geni\u015fleterek, daha fazla hastaya hizmet verilmesini ve sa\u011fl\u0131k hizmetlerinin etkinli\u011finin art\u0131r\u0131lmas\u0131n\u0131 sa\u011fl\u0131yor.<\/p>\n<p class=\"MsoListParagraphCxSpMiddle\" style=\"text-indent: -18pt;\"><span style=\"font-family: Symbol;\"><span style=\"font-variant-numeric: normal; font-variant-east-asian: normal; font-variant-alternates: normal; font-size-adjust: none; font-kerning: auto; font-optical-sizing: auto; font-feature-settings: normal; font-variation-settings: normal; font-variant-position: normal; font-stretch: normal; line-height: normal;\">&nbsp;<\/span><span style=\"font-variant-numeric: normal; font-variant-east-asian: normal; font-variant-alternates: normal; font-size-adjust: none; font-kerning: auto; font-optical-sizing: auto; font-feature-settings: normal; font-variation-settings: normal; font-variant-position: normal; font-stretch: normal; font-size: 7pt; line-height: normal;\"> &nbsp; &nbsp; &nbsp; &nbsp;<\/span><\/span><b>Yalva\u00e7 Ya\u015fl\u0131 Bak\u0131m Evi ve Rehabilitasyon Merkezi<\/b>: Yap\u0131m\u0131n\u0131 \u00fcstlendi\u011fimiz ve daha sonradan TC Aile, \u00c7al\u0131\u015fma ve Sosyal Hizmetler Bakanl\u0131\u011f\u0131\u2019na tahsis etti\u011fimiz merkezde, ya\u015fl\u0131 bireylerin fiziksel, psikolojik ve sosyal ihtiya\u00e7lar\u0131n\u0131 kar\u015f\u0131lamak \u00fczere modern ve konforlu bir ortamda hizmet verilmektedir. Merkez, ya\u015fl\u0131 bireylere g\u00fcnl\u00fck ya\u015fam aktiviteleri, rehabilitasyon hizmetleri ve sosyal etkinlikler sunarak, onlar\u0131n ya\u015fam kalitesini art\u0131rmay\u0131 ama\u00e7lamaktad\u0131r.<\/p>\n<p class=\"MsoListParagraphCxSpLast\" style=\"text-indent: -18pt;\"><span style=\"font-family: Symbol;\"><span style=\"font-variant-numeric: normal; font-variant-east-asian: normal; font-variant-alternates: normal; font-size-adjust: none; font-kerning: auto; font-optical-sizing: auto; font-feature-settings: normal; font-variation-settings: normal; font-variant-position: normal; font-stretch: normal; line-height: normal;\">&nbsp;&nbsp;<\/span><span style=\"font-variant-numeric: normal; font-variant-east-asian: normal; font-variant-alternates: normal; font-size-adjust: none; font-kerning: auto; font-optical-sizing: auto; font-feature-settings: normal; font-variation-settings: normal; font-variant-position: normal; font-stretch: normal; font-size: 7pt; line-height: normal;\"> &nbsp; &nbsp; &nbsp;&nbsp;<\/span><\/span><b>Ege \u00dcniversitesi Teknopark IDEEGE \u0130nci Binas\u0131<\/b>: Yap\u0131m\u0131n\u0131 \u00fcstlenerek, yenilik\u00e7i giri\u015fimlerin ve teknolojik geli\u015fmelerin desteklenmesine \u00f6nemli bir katk\u0131 sa\u011flad\u0131k. Bu proje, \u00fcniversite-sanayi i\u015f birli\u011fini te\u015fvik eden ve b\u00f6lgesel kalk\u0131nmay\u0131 destekleyen bir merkez olarak, gelece\u011fin teknolojilerine ev sahipli\u011fi yapacak bir alan sunmaktad\u0131r. Teknopark, giri\u015fimcilere ve ara\u015ft\u0131rmac\u0131lara, projelerini geli\u015ftirmeleri ve ticarile\u015ftirmeleri i\u00e7in gerekli olanaklar\u0131 sa\u011flayarak, inovasyonu te\u015fvik etmektedir.&nbsp; &nbsp; &nbsp; &nbsp;<\/p>\t\t\t\t\t<\/div>\n\t\t\t\t\t\t<\/div>\n\t\t\t\t<\/div>\n\t\t\t\t\t\t<\/div>\n\t\t\t\t\t<\/div>\n\t\t<\/div>\n\t\t\t\t\t\t\t\t<\/div>\n\t\t\t\t\t<\/div>\n\t\t<\/section>\n\t\t\t\t\t\t<\/div>\n\t\t\t\t\t\t<\/div>\n\t\t\t\t\t<\/div>\n\t\t","protected":false},"excerpt":{"rendered":"<p>&nbsp; &nbsp; &nbsp;Konteyner Ev Projesi: Do\u011fal afetlerden etkilenen ve bar\u0131nma sorunu ya\u015fayan aileler i\u00e7in ge\u00e7ici ya\u015fam alanlar\u0131 in\u015fa ettik. Bu konteyner evler, afet ma\u011fdurlar\u0131na g\u00fcvenli ve sa\u011flam bir bar\u0131nma imkan\u0131 sunarak, hayatlar\u0131na yeni bir ba\u015flang\u0131\u00e7 yapmalar\u0131na yard\u0131mc\u0131 oluyor. Projemiz, h\u0131zl\u0131 bir \u015fekilde kurulabilen ve ta\u015f\u0131nabilen yap\u0131lar\u0131 sayesinde, acil durumlarda etkin bir \u00e7\u00f6z\u00fcm sa\u011fl\u0131yor. &nbsp; &nbsp;&hellip;&nbsp;<a href=\"https:\/\/www.buyukkutluvakfi.org.tr\/?page_id=440\" class=\"\" rel=\"bookmark\">Daha fazlas\u0131n\u0131 oku &raquo;<span class=\"screen-reader-text\">Sosyal Katk\u0131lar<\/span><\/a><\/p>\n","protected":false},"author":1,"featured_media":0,"parent":0,"menu_order":0,"comment_status":"closed","ping_status":"closed","template":"","meta":[],"_links":{"self":[{"href":"https:\/\/www.buyukkutluvakfi.org.tr\/index.php?rest_route=\/wp\/v2\/pages\/440"}],"collection":[{"href":"https:\/\/www.buyukkutluvakfi.org.tr\/index.php?rest_route=\/wp\/v2\/pages"}],"about":[{"href":"https:\/\/www.buyukkutluvakfi.org.tr\/index.php?rest_route=\/wp\/v2\/types\/page"}],"author":[{"embeddable":true,"href":"https:\/\/www.buyukkutluvakfi.org.tr\/index.php?rest_route=\/wp\/v2\/users\/1"}],"replies":[{"embeddable":true,"href":"https:\/\/www.buyukkutluvakfi.org.tr\/index.php?rest_route=%2Fwp%2Fv2%2Fcomments&post=440"}],"version-history":[{"count":11,"href":"https:\/\/www.buyukkutluvakfi.org.tr\/index.php?rest_route=\/wp\/v2\/pages\/440\/revisions"}],"predecessor-version":[{"id":452,"href":"https:\/\/www.buyukkutluvakfi.org.tr\/index.php?rest_route=\/wp\/v2\/pages\/440\/revisions\/452"}],"wp:attachment":[{"href":"https:\/\/www.buyukkutluvakfi.org.tr\/index.php?rest_route=%2Fwp%2Fv2%2Fmedia&parent=440"}],"curies":[{"name":"wp","href":"https:\/\/api.w.org\/{rel}","templated":true}]}}