{"id":427,"date":"2024-08-20T13:48:09","date_gmt":"2024-08-20T10:48:09","guid":{"rendered":"http:\/\/www.buyukkutluvakfi.org.tr\/?page_id=427"},"modified":"2024-08-20T16:14:42","modified_gmt":"2024-08-20T13:14:42","slug":"elementor-427","status":"publish","type":"page","link":"https:\/\/www.buyukkutluvakfi.org.tr\/?page_id=427","title":{"rendered":"B\u00fcy\u00fckkutlu Vakf\u0131"},"content":{"rendered":"\t\t<div data-elementor-type=\"wp-page\" data-elementor-id=\"427\" class=\"elementor elementor-427\" data-elementor-settings=\"[]\">\n\t\t\t\t\t\t<div class=\"elementor-inner\">\n\t\t\t\t\t\t\t<div class=\"elementor-section-wrap\">\n\t\t\t\t\t\t\t<section class=\"elementor-section elementor-top-section elementor-element elementor-element-10733672 elementor-section-boxed elementor-section-height-default elementor-section-height-default\" data-id=\"10733672\" data-element_type=\"section\">\n\t\t\t\t\t\t<div class=\"elementor-container elementor-column-gap-default\">\n\t\t\t\t\t\t\t<div class=\"elementor-row\">\n\t\t\t\t\t<div class=\"elementor-column elementor-col-100 elementor-top-column elementor-element elementor-element-2d994685\" data-id=\"2d994685\" data-element_type=\"column\">\n\t\t\t<div class=\"elementor-column-wrap elementor-element-populated\">\n\t\t\t\t\t\t\t<div class=\"elementor-widget-wrap\">\n\t\t\t\t\t\t<div class=\"elementor-element elementor-element-4e1f3771 elementor-widget elementor-widget-text-editor\" data-id=\"4e1f3771\" data-element_type=\"widget\" data-widget_type=\"text-editor.default\">\n\t\t\t\t<div class=\"elementor-widget-container\">\n\t\t\t\t\t\t\t\t<div class=\"elementor-text-editor elementor-clearfix\">\n\t\t\t\t\t<p class=\"MsoNormal\">\n<\/p><p class=\"MsoNormal\">\n<\/p><p class=\"MsoNormal\">&nbsp; &nbsp; &nbsp; &nbsp;B\u00fcy\u00fckkutlu Vakf\u0131, 1990 y\u0131l\u0131nda topluma katk\u0131da bulunmak ve ihtiya\u00e7 sahibi bireylere destek olmak amac\u0131yla kurulmu\u015ftur. Kurulu\u015fumuz, e\u011fitim, k\u00fclt\u00fcr ve sosyal yard\u0131mla\u015fma alanlar\u0131nda topluma hizmet etmeyi temel misyonu olarak benimsemekte ve insana hizmeti en b\u00fcy\u00fck de\u011fer olarak g\u00f6rmektedir. Bu do\u011frultuda, vakf\u0131m\u0131z \u00e7e\u015fitli projeler geli\u015ftirerek toplumun her kesimine dokunmay\u0131 hedefler.<\/p>\n<p class=\"MsoNormal\"><b>Vakf\u0131m\u0131z\u0131n amac\u0131<\/b>, e\u011fitimden sa\u011fl\u0131\u011fa, sosyal yard\u0131mla\u015fmadan k\u00fclt\u00fcrel faaliyetlere kadar geni\u015f bir yelpazede projeler y\u00fcr\u00fcterek, toplumumuzun refah seviyesini art\u0131rmak ve bireylerin hayatlar\u0131nda olumlu etkiler b\u0131rakmakt\u0131r. Toplumun her bireyine katk\u0131da bulunmak ve sosyal sorumluluk projeleri geli\u015ftirerek dayan\u0131\u015fma ruhunu g\u00fc\u00e7lendirmek i\u00e7in, yenilik\u00e7i ve bilimsel yakla\u015f\u0131mlar do\u011frultusunda hareket ediyoruz. Her ad\u0131mda kaliteyi ve etkili sonu\u00e7lar\u0131 \u00f6n planda tutarak, s\u00fcrd\u00fcr\u00fclebilir de\u011fi\u015fimler yaratmay\u0131 ve toplumsal kalk\u0131nmaya katk\u0131da bulunmay\u0131 ama\u00e7l\u0131yoruz.<\/p>\n<p class=\"MsoNormal\">\u00d6zellikle gen\u00e7lerin e\u011fitimine ve geli\u015fimine katk\u0131 sa\u011flamak, vakf\u0131m\u0131z\u0131n \u00f6ncelikli hedefleri aras\u0131nda yer almaktad\u0131r. Gen\u00e7lerimize sundu\u011fumuz burslar, e\u011fitim programlar\u0131 ve ki\u015fisel geli\u015fim f\u0131rsatlar\u0131 ile onlar\u0131n gelecekteki ba\u015far\u0131lar\u0131na katk\u0131 sa\u011flamay\u0131 hedefliyoruz. Gen\u00e7lerin, e\u011fitim hayatlar\u0131n\u0131n her a\u015famas\u0131nda desteklenmesi gerekti\u011fine inan\u0131yor ve bu do\u011frultuda projeler geli\u015ftiriyoruz.<\/p>\n<p class=\"MsoNormal\"><b>Vizyonumuz<\/b>, B\u00fcy\u00fckkutlu Vakf\u0131 olarak toplumsal dayan\u0131\u015fma, yard\u0131mla\u015fma ve yenilik ruhunu g\u00fc\u00e7lendirmek ve bu de\u011ferleri topluma yaymak i\u00e7in var g\u00fcc\u00fcm\u00fczle \u00e7al\u0131\u015fmakt\u0131r. Her bir projemiz, daha iyi bir toplum i\u00e7in att\u0131\u011f\u0131m\u0131z bir ad\u0131md\u0131r ve her ad\u0131m, gelecekte daha s\u00fcrd\u00fcr\u00fclebilir ve kapsay\u0131c\u0131 bir d\u00fcnya yaratma hedefimize hizmet etmektedir. Toplumsal refah\u0131 art\u0131rmak ve insanl\u0131\u011fa hizmet etmek i\u00e7in azimle \u00e7al\u0131\u015fmaya devam ederken, bireylerin hayatlar\u0131nda kal\u0131c\u0131 ve olumlu etkiler b\u0131rakmay\u0131 ama\u00e7l\u0131yoruz. Gelece\u011fe y\u00f6nelik projelerimizle, daha iyi bir toplum yaratmak i\u00e7in \u00e7al\u0131\u015fmaya kararl\u0131l\u0131kla devam ediyoruz.<\/p>\n<p class=\"MsoListParagraphCxSpFirst\" style=\"text-indent: -18.0pt; mso-list: l0 level1 lfo1;\"><br><\/p>\t\t\t\t\t<\/div>\n\t\t\t\t\t\t<\/div>\n\t\t\t\t<\/div>\n\t\t\t\t\t\t<\/div>\n\t\t\t\t\t<\/div>\n\t\t<\/div>\n\t\t\t\t\t\t\t\t<\/div>\n\t\t\t\t\t<\/div>\n\t\t<\/section>\n\t\t\t\t\t\t<\/div>\n\t\t\t\t\t\t<\/div>\n\t\t\t\t\t<\/div>\n\t\t","protected":false},"excerpt":{"rendered":"<p>&nbsp; &nbsp; &nbsp; &nbsp;B\u00fcy\u00fckkutlu Vakf\u0131, 1990 y\u0131l\u0131nda topluma katk\u0131da bulunmak ve ihtiya\u00e7 sahibi bireylere destek olmak amac\u0131yla kurulmu\u015ftur. Kurulu\u015fumuz, e\u011fitim, k\u00fclt\u00fcr ve sosyal yard\u0131mla\u015fma alanlar\u0131nda topluma hizmet etmeyi temel misyonu olarak benimsemekte ve insana hizmeti en b\u00fcy\u00fck de\u011fer olarak g\u00f6rmektedir. Bu do\u011frultuda, vakf\u0131m\u0131z \u00e7e\u015fitli projeler geli\u015ftirerek toplumun her kesimine dokunmay\u0131 hedefler. Vakf\u0131m\u0131z\u0131n amac\u0131, e\u011fitimden sa\u011fl\u0131\u011fa,&hellip;&nbsp;<a href=\"https:\/\/www.buyukkutluvakfi.org.tr\/?page_id=427\" class=\"\" rel=\"bookmark\">Daha fazlas\u0131n\u0131 oku &raquo;<span class=\"screen-reader-text\">B\u00fcy\u00fckkutlu Vakf\u0131<\/span><\/a><\/p>\n","protected":false},"author":1,"featured_media":0,"parent":0,"menu_order":0,"comment_status":"closed","ping_status":"closed","template":"","meta":[],"_links":{"self":[{"href":"https:\/\/www.buyukkutluvakfi.org.tr\/index.php?rest_route=\/wp\/v2\/pages\/427"}],"collection":[{"href":"https:\/\/www.buyukkutluvakfi.org.tr\/index.php?rest_route=\/wp\/v2\/pages"}],"about":[{"href":"https:\/\/www.buyukkutluvakfi.org.tr\/index.php?rest_route=\/wp\/v2\/types\/page"}],"author":[{"embeddable":true,"href":"https:\/\/www.buyukkutluvakfi.org.tr\/index.php?rest_route=\/wp\/v2\/users\/1"}],"replies":[{"embeddable":true,"href":"https:\/\/www.buyukkutluvakfi.org.tr\/index.php?rest_route=%2Fwp%2Fv2%2Fcomments&post=427"}],"version-history":[{"count":11,"href":"https:\/\/www.buyukkutluvakfi.org.tr\/index.php?rest_route=\/wp\/v2\/pages\/427\/revisions"}],"predecessor-version":[{"id":455,"href":"https:\/\/www.buyukkutluvakfi.org.tr\/index.php?rest_route=\/wp\/v2\/pages\/427\/revisions\/455"}],"wp:attachment":[{"href":"https:\/\/www.buyukkutluvakfi.org.tr\/index.php?rest_route=%2Fwp%2Fv2%2Fmedia&parent=427"}],"curies":[{"name":"wp","href":"https:\/\/api.w.org\/{rel}","templated":true}]}}