{"id":305,"date":"2024-06-27T17:11:31","date_gmt":"2024-06-27T14:11:31","guid":{"rendered":"http:\/\/www.buyukkutluvakfi.org.tr\/?page_id=305"},"modified":"2024-08-05T15:09:42","modified_gmt":"2024-08-05T12:09:42","slug":"elementor-305","status":"publish","type":"page","link":"https:\/\/www.buyukkutluvakfi.org.tr\/?page_id=305","title":{"rendered":"KVKK"},"content":{"rendered":"\t\t<div data-elementor-type=\"wp-page\" data-elementor-id=\"305\" class=\"elementor elementor-305\" data-elementor-settings=\"[]\">\n\t\t\t\t\t\t<div class=\"elementor-inner\">\n\t\t\t\t\t\t\t<div class=\"elementor-section-wrap\">\n\t\t\t\t\t\t\t<section class=\"elementor-section elementor-top-section elementor-element elementor-element-1cfa55dd elementor-section-boxed elementor-section-height-default elementor-section-height-default\" data-id=\"1cfa55dd\" data-element_type=\"section\">\n\t\t\t\t\t\t<div class=\"elementor-container elementor-column-gap-default\">\n\t\t\t\t\t\t\t<div class=\"elementor-row\">\n\t\t\t\t\t<div class=\"elementor-column elementor-col-100 elementor-top-column elementor-element elementor-element-258b2293\" data-id=\"258b2293\" data-element_type=\"column\">\n\t\t\t<div class=\"elementor-column-wrap elementor-element-populated\">\n\t\t\t\t\t\t\t<div class=\"elementor-widget-wrap\">\n\t\t\t\t\t\t<div class=\"elementor-element elementor-element-32cbbcbc elementor-widget elementor-widget-text-editor\" data-id=\"32cbbcbc\" data-element_type=\"widget\" data-widget_type=\"text-editor.default\">\n\t\t\t\t<div class=\"elementor-widget-container\">\n\t\t\t\t\t\t\t\t<div class=\"elementor-text-editor elementor-clearfix\">\n\t\t\t\t\t<h1 style=\"margin-bottom: 15px;\">Ki\u015fisel Verilerin Korunmas\u0131 Kanunu<\/h1><p style=\"margin-bottom: 1.25rem;\"><span style=\"font-size: 14pt; font-weight: bold;\">\u00c7erez Politikas\u0131 i\u00e7in\u00a0<a style=\"color: #f9ba1d; text-decoration-line: none; line-height: inherit; background-color: transparent;\" href=\"http:\/\/www.buyukkutluvakfi.org.tr\/?page_id=344\" target=\"_blank\" rel=\"noopener\" name=\"Kutusan \u00c7erez Politikas\u0131\">T\u0131klay\u0131n\u0131z&#8230;<\/a><\/span><\/p><p style=\"margin-bottom: 1.25rem;\"><span style=\"font-size: 14pt; font-weight: bold;\">KVKK Politikas\u0131 i\u00e7in\u00a0<a style=\"color: #f9ba1d; text-decoration-line: none; line-height: inherit; background-color: transparent;\" href=\"http:\/\/www.buyukkutluvakfi.org.tr\/?page_id=3\" target=\"_blank\" rel=\"noopener\" name=\"Kutlusan Kvk ve \u0130\u015flenmesi Politikas\u0131\">T\u0131klay\u0131n\u0131z&#8230;<\/a><\/span><\/p><p style=\"margin-bottom: 1.25rem;\"><span style=\"font-size: 14pt; font-weight: bold;\">Veri sorumlusunun kimli\u011fi,\u00a0<\/span><\/p><p style=\"margin-bottom: 1.25rem;\">6698 Say\u0131l\u0131 KVKK uyar\u0131nca ki\u015fisel verileriniz; veri sorumlusu olarak belirlenen \u00a0&#8220;Armutlu Ovas\u0131 Akalan Mah. Ba\u011f\u0131ms\u0131zl\u0131k K\u00fcme Evleri No:106 Kemalpa\u015fa &#8211; \u0130ZM\u0130R \/ T\u00dcRK\u0130YE\u201d adresinde bulunan Kutlusan Kafes Ekipman ve Hayvanc\u0131l\u0131k San. Ve Tic. Anonim \u015eirketi t\u00fczel ki\u015fili\u011fi taraf\u0131ndan verileriniz i\u015flenecek ve de\u011ferlendirilecektir.\u00a0<\/p><p style=\"margin-bottom: 1.25rem;\"><span style=\"font-weight: bold;\"><span style=\"font-size: 14pt;\">Ki\u015fisel verilerin hangi ama\u00e7la i\u015flenece\u011fi<\/span>,\u00a0<\/span><\/p><p style=\"margin-bottom: 1.25rem;\">\u015eirketimiz ile m\u00fc\u015fteri, tedarik\u00e7i, \u00e7al\u0131\u015fan ve di\u011fer ilgili ki\u015filer \u00e7er\u00e7evesinde payla\u015ft\u0131\u011f\u0131n\u0131z ki\u015fisel verileriniz,\u00a0 KVKK\u2019ya uygun \u015fekilde, hukuk ve d\u00fcr\u00fcstl\u00fck kural\u0131n\u0131n \u00f6ng\u00f6rd\u00fc\u011f\u00fc bi\u00e7imde, tamamen veya k\u0131smen i\u015flenme ama\u00e7lar\u0131 ile ba\u011flant\u0131l\u0131, s\u0131n\u0131rl\u0131 ve \u00f6l\u00e7\u00fcl\u00fc, do\u011fru ve g\u00fcncel olarak, belirli a\u00e7\u0131k ve me\u015fru ama\u00e7lar ile i\u015flenebilir, kaydedilebilir, depolanabilir, muhafaza edilebilir; Kutlusan Kafes Ekipman ve Hayvanc\u0131l\u0131k San. Ve Ticaret Anonim \u015eirketi, i\u015f ortaklar\u0131, bayileri, tedarik\u00e7ileri, alt y\u00fcklenicileri, ifa yard\u0131mc\u0131lar\u0131, ilgili denetleyici kurumlar, resmi kurumlar olmak ve bunlarla s\u0131n\u0131rl\u0131 olmamak \u00fczere, yurti\u00e7i-yurtd\u0131\u015f\u0131ndaki ilgili \u00fc\u00e7\u00fcnc\u00fc ki\u015filere aktar\u0131labilir; buralarda depolanabilir, g\u00fcncellenebilir, periyodik olarak kontrol edilebilir, yeniden d\u00fczenlenebilir, s\u0131n\u0131fland\u0131r\u0131labilir. Veri i\u015fleyen s\u0131fat\u0131 ile \u015firketimizce taraf\u0131n\u0131za bilgilendirme ve tan\u0131t\u0131m elektronik postalar\u0131 at\u0131labilir ya da telefon aramas\u0131 yap\u0131labilir.<\/p><p style=\"margin-bottom: 1.25rem;\"><span style=\"font-size: 14pt; font-weight: bold;\">Ki\u015fisel verilerin kimlere ve hangi ama\u00e7la aktar\u0131labilece\u011fi,\u00a0<\/span><\/p><p style=\"margin-bottom: 1.25rem;\">Toplanan ki\u015fisel verileriniz; \u015eirketimiz taraf\u0131ndan sunulan \u00fcr\u00fcn ve hizmetlerden sizleri faydaland\u0131rmak i\u00e7in gerekli \u00e7al\u0131\u015fmalar\u0131n yap\u0131lmas\u0131; \u015eirketimizin insan kaynaklar\u0131 politikalar\u0131n\u0131n y\u00fcr\u00fct\u00fclmesinin temini; \u015eirketimizin ve \u015eirketimizle i\u015f ili\u015fkisi i\u00e7erisinde olan ki\u015filerin hukuki ve ticari g\u00fcvenli\u011finin temini; \u015eirketimizin ticari ve i\u015f stratejilerinin belirlenmesi ve uygulanmas\u0131, sizleri daha iyi tan\u0131yarak ihtiya\u00e7lar\u0131n\u0131z\u0131 anlamak, ihtiya\u00e7lar\u0131n\u0131za daha h\u0131zl\u0131 cevap verebilmek ve sizlerle olan ileti\u015fimimizi geli\u015ftirerek sizlere daha iyi hizmet vermek ama\u00e7lar\u0131yla; i\u015f ortaklar\u0131m\u0131za, tedarik\u00e7ilerimize, hissedarlar\u0131m\u0131za, ziyaret\u00e7ilerimize, vak\u0131flar\u0131m\u0131za, m\u00fc\u015fterilerimize, i\u015ftiraklerimize, kanunen yetkili kamu kurumlar\u0131 ve \u00f6zel ki\u015filere, 6698 say\u0131l\u0131 Kanun\u2019un 5. 6. 8. ve 9. maddelerinde belirtilen ki\u015fisel veri i\u015fleme \u015fartlar\u0131 ve ama\u00e7lar\u0131 \u00e7er\u00e7evesinde aktar\u0131labilecektir.\u00a0<\/p><p style=\"margin-bottom: 1.25rem;\"><span style=\"font-size: 14pt; font-weight: bold;\">Ki\u015fisel veri toplaman\u0131n y\u00f6ntemi ve hukuki sebebi,<\/span><\/p><p style=\"margin-bottom: 1.25rem;\">Bunlarla\u00a0 s\u0131n\u0131rl\u0131\u00a0 olmamak\u00a0 \u00fczere,\u00a0 internet\u00a0 sitesi,\u00a0sosyal medya hesaplar\u0131m\u0131z, muhtelif\u00a0 s\u00f6zle\u015fmeler, elektronik posta, ba\u015fvuru formlar\u0131 (i\u015f ve tedarik\u00e7i), fuar-kariyer g\u00fcnleri-tan\u0131t\u0131m g\u00f6r\u00fc\u015fme dok\u00fcmanlar\u0131, m\u00fc\u015fteri \u015fikayet hatt\u0131ndan elde edilen kay\u0131tlar, denetim dok\u00fcmanlar\u0131 gibi ara\u00e7lar\u00a0 \u00fczerinden,\u00a0 \u015firketimiz ile\u00a0 yap\u0131lan yaz\u0131l\u0131\u00a0 veya\u00a0 s\u00f6zl\u00fc\u00a0 ileti\u015fimler\u00a0 vb.\u00a0 kanallar\u00a0 arac\u0131l\u0131\u011f\u0131yla\u00a0 s\u00f6zl\u00fc,\u00a0 yaz\u0131l\u0131\u00a0 veya\u00a0 elektronik\u00a0 ortamda toplanabilir, onaylar\u0131n\u0131z al\u0131nabilir.\u00a0<\/p><p style=\"margin-bottom: 1.25rem;\"><span style=\"font-size: 14pt; font-weight: bold;\">\u0130lgili ki\u015finin haklar\u0131,<\/span><\/p><p style=\"margin-bottom: 1.25rem;\">KVKK\u2019n\u0131n 11. maddesi uyar\u0131nca herkes, veri sorumlusuna ba\u015fvurarak kendisiyle ilgili;<\/p><p style=\"margin-bottom: 1.25rem;\">a) Ki\u015fisel verilerinin i\u015flenip i\u015flenmedi\u011fini \u00f6\u011frenme,<\/p><p style=\"margin-bottom: 1.25rem;\">b) Ki\u015fisel verileri i\u015flenmi\u015fse buna ili\u015fkin bilgi talep etme,<\/p><p style=\"margin-bottom: 1.25rem;\">c) Ki\u015fisel verilerin i\u015flenme amac\u0131n\u0131 ve bunlar\u0131n amac\u0131na uygun kullan\u0131l\u0131p kullan\u0131lmad\u0131\u011f\u0131n\u0131 \u00f6\u011frenme,<\/p><p style=\"margin-bottom: 1.25rem;\">\u00e7) Yurt i\u00e7inde veya yurt d\u0131\u015f\u0131nda ki\u015fisel verilerin aktar\u0131ld\u0131\u011f\u0131 \u00fc\u00e7\u00fcnc\u00fc ki\u015fileri bilme,<\/p><p style=\"margin-bottom: 1.25rem;\">d) Ki\u015fisel verilerin eksik veya yanl\u0131\u015f i\u015flenmi\u015f olmas\u0131 h\u00e2linde bunlar\u0131n d\u00fczeltilmesini isteme,<\/p><p style=\"margin-bottom: 1.25rem;\">e) KVKK 7. maddede \u00f6ng\u00f6r\u00fclen \u015fartlar \u00e7er\u00e7evesinde ki\u015fisel verilerin silinmesini veya yok edilmesini isteme,<\/p><p style=\"margin-bottom: 1.25rem;\">f) (d) ve (e) bentleri uyar\u0131nca yap\u0131lan i\u015flemlerin, ki\u015fisel verilerin aktar\u0131ld\u0131\u011f\u0131 \u00fc\u00e7\u00fcnc\u00fc ki\u015filere bildirilmesini isteme,<\/p><p style=\"margin-bottom: 1.25rem;\">g) \u0130\u015flenen verilerin m\u00fcnhas\u0131ran otomatik sistemler vas\u0131tas\u0131yla analiz edilmesi suretiyle ki\u015finin kendisi aleyhine bir sonucun ortaya \u00e7\u0131kmas\u0131na itiraz etme,<\/p><p style=\"margin-bottom: 1.25rem;\">\u011f) Ki\u015fisel verilerin kanuna ayk\u0131r\u0131 olarak i\u015flenmesi sebebiyle zarara u\u011framas\u0131 h\u00e2linde zarar\u0131n giderilmesini talep etme, haklar\u0131na sahiptir.\u00a0<\/p><p style=\"margin-bottom: 1.25rem;\">Yukar\u0131da belirtilen haklar\u0131n\u0131z\u0131 kullanmakla ilgili Kutlusan Kafes Ekipman ve Hayvanc\u0131l\u0131k San. Ve Tic. A.\u015e.\u2019ye yaz\u0131l\u0131 olarak ba\u015fvurman\u0131z halinde, talebinizin niteli\u011fine g\u00f6re en ge\u00e7 30 (otuz) g\u00fcn i\u00e7erisinde yan\u0131t verilecektir. Ba\u015fvurunuzu a\u00e7\u0131k, anla\u015f\u0131r bir \u015fekilde ve kimlik ve adres bilgilerini tespit edici belgeleri de ekleyerek, yaz\u0131l\u0131 ve \u0131slak imzal\u0131 olarak elden, postayla ya da noter kanal\u0131yla Kutlusan Kafes Ekipman ve Hayvanc\u0131l\u0131k San. Ve Tic. A.\u015e.\u2019ye &#8220;Armutlu Ovas\u0131 Akalan Mah. Ba\u011f\u0131ms\u0131zl\u0131k K\u00fcme Evleri No:106 Kemalpa\u015fa &#8211; \u0130ZM\u0130R\/T\u00dcRK\u0130YE\u201d adresine ula\u015ft\u0131rabilir veya kvkk@kutlusan.com.tr adresine e-posta yoluyla g\u00f6nderebilirsiniz.<\/p><p style=\"margin-bottom: 1.25rem;\">\u00a0KVKK Veri Sahibi Talep Formuna ula\u015fmak i\u00e7in\u00a0<a style=\"color: #f9ba1d; text-decoration-line: none; line-height: inherit; background-color: transparent;\" title=\"KVKK Veri Sahibi Talep Formu\" href=\"https:\/\/www.kutlusan.com.tr\/uploads\/editor\/veri_sahibi_talep_formu.pdf\" target=\"_blank\" rel=\"noopener\" name=\"KVKK Veri Sahibi Talep Formu\">T\u0131klay\u0131n&#8230;<\/a><\/p><div>\u00a0<\/div>\t\t\t\t\t<\/div>\n\t\t\t\t\t\t<\/div>\n\t\t\t\t<\/div>\n\t\t\t\t\t\t<\/div>\n\t\t\t\t\t<\/div>\n\t\t<\/div>\n\t\t\t\t\t\t\t\t<\/div>\n\t\t\t\t\t<\/div>\n\t\t<\/section>\n\t\t\t\t\t\t<\/div>\n\t\t\t\t\t\t<\/div>\n\t\t\t\t\t<\/div>\n\t\t","protected":false},"excerpt":{"rendered":"<p>Ki\u015fisel Verilerin Korunmas\u0131 Kanunu \u00c7erez Politikas\u0131 i\u00e7in\u00a0T\u0131klay\u0131n\u0131z&#8230; KVKK Politikas\u0131 i\u00e7in\u00a0T\u0131klay\u0131n\u0131z&#8230; Veri sorumlusunun kimli\u011fi,\u00a0 6698 Say\u0131l\u0131 KVKK uyar\u0131nca ki\u015fisel verileriniz; veri sorumlusu olarak belirlenen \u00a0&#8220;Armutlu Ovas\u0131 Akalan Mah. Ba\u011f\u0131ms\u0131zl\u0131k K\u00fcme Evleri No:106 Kemalpa\u015fa &#8211; \u0130ZM\u0130R \/ T\u00dcRK\u0130YE\u201d adresinde bulunan Kutlusan Kafes Ekipman ve Hayvanc\u0131l\u0131k San. Ve Tic. Anonim \u015eirketi t\u00fczel ki\u015fili\u011fi taraf\u0131ndan verileriniz i\u015flenecek ve de\u011ferlendirilecektir.\u00a0&hellip;&nbsp;<a href=\"https:\/\/www.buyukkutluvakfi.org.tr\/?page_id=305\" class=\"\" rel=\"bookmark\">Daha fazlas\u0131n\u0131 oku &raquo;<span class=\"screen-reader-text\">KVKK<\/span><\/a><\/p>\n","protected":false},"author":1,"featured_media":0,"parent":0,"menu_order":0,"comment_status":"closed","ping_status":"closed","template":"","meta":[],"_links":{"self":[{"href":"https:\/\/www.buyukkutluvakfi.org.tr\/index.php?rest_route=\/wp\/v2\/pages\/305"}],"collection":[{"href":"https:\/\/www.buyukkutluvakfi.org.tr\/index.php?rest_route=\/wp\/v2\/pages"}],"about":[{"href":"https:\/\/www.buyukkutluvakfi.org.tr\/index.php?rest_route=\/wp\/v2\/types\/page"}],"author":[{"embeddable":true,"href":"https:\/\/www.buyukkutluvakfi.org.tr\/index.php?rest_route=\/wp\/v2\/users\/1"}],"replies":[{"embeddable":true,"href":"https:\/\/www.buyukkutluvakfi.org.tr\/index.php?rest_route=%2Fwp%2Fv2%2Fcomments&post=305"}],"version-history":[{"count":18,"href":"https:\/\/www.buyukkutluvakfi.org.tr\/index.php?rest_route=\/wp\/v2\/pages\/305\/revisions"}],"predecessor-version":[{"id":368,"href":"https:\/\/www.buyukkutluvakfi.org.tr\/index.php?rest_route=\/wp\/v2\/pages\/305\/revisions\/368"}],"wp:attachment":[{"href":"https:\/\/www.buyukkutluvakfi.org.tr\/index.php?rest_route=%2Fwp%2Fv2%2Fmedia&parent=305"}],"curies":[{"name":"wp","href":"https:\/\/api.w.org\/{rel}","templated":true}]}}