{"id":344,"date":"2024-08-05T14:55:35","date_gmt":"2024-08-05T11:55:35","guid":{"rendered":"http:\/\/www.buyukkutluvakfi.org.tr\/?page_id=344"},"modified":"2024-08-05T14:57:30","modified_gmt":"2024-08-05T11:57:30","slug":"fsafsafsafsafsaf","status":"publish","type":"page","link":"http:\/\/www.buyukkutluvakfi.org.tr\/?page_id=344","title":{"rendered":"\u00c7erez Politikas\u0131"},"content":{"rendered":"\t\t<div data-elementor-type=\"wp-page\" data-elementor-id=\"344\" class=\"elementor elementor-344\" data-elementor-settings=\"[]\">\n\t\t\t\t\t\t<div class=\"elementor-inner\">\n\t\t\t\t\t\t\t<div class=\"elementor-section-wrap\">\n\t\t\t\t\t\t\t<section class=\"elementor-section elementor-top-section elementor-element elementor-element-605d118d elementor-section-boxed elementor-section-height-default elementor-section-height-default\" data-id=\"605d118d\" data-element_type=\"section\">\n\t\t\t\t\t\t<div class=\"elementor-container elementor-column-gap-default\">\n\t\t\t\t\t\t\t<div class=\"elementor-row\">\n\t\t\t\t\t<div class=\"elementor-column elementor-col-100 elementor-top-column elementor-element elementor-element-79d5e1c1\" data-id=\"79d5e1c1\" data-element_type=\"column\">\n\t\t\t<div class=\"elementor-column-wrap elementor-element-populated\">\n\t\t\t\t\t\t\t<div class=\"elementor-widget-wrap\">\n\t\t\t\t\t\t<div class=\"elementor-element elementor-element-4803b056 elementor-widget elementor-widget-text-editor\" data-id=\"4803b056\" data-element_type=\"widget\" data-widget_type=\"text-editor.default\">\n\t\t\t\t<div class=\"elementor-widget-container\">\n\t\t\t\t\t\t\t\t<div class=\"elementor-text-editor elementor-clearfix\">\n\t\t\t\t\t<h1 style=\"margin-bottom: 15px; font-family: &quot;Open Sans&quot;, Roboto, Arial, sans-serif; color: rgb(50, 46, 128); text-rendering: optimizelegibility; line-height: 1.4; font-size: 24px; width: 895px; letter-spacing: normal; text-transform: none;\">\u00c7erez Politikas\u0131<\/h1><p style=\"margin-bottom: 1.25rem; font-family: &quot;Open Sans&quot;, Roboto, Arial, sans-serif; font-size: 14px; line-height: 1.6; text-rendering: optimizelegibility; color: rgb(128, 128, 128);\"><span style=\"font-weight: bold;\">1.&nbsp;&nbsp;&nbsp;&nbsp;&nbsp;&nbsp; KAPSAM<\/span><\/p><p style=\"margin-bottom: 1.25rem; font-family: &quot;Open Sans&quot;, Roboto, Arial, sans-serif; font-size: 14px; line-height: 1.6; text-rendering: optimizelegibility; color: rgb(128, 128, 128);\">Kutlusan Kafes Ekipman ve Hayvanc\u0131l\u0131k San. Ve Tic. A.\u015e. (&#8220;Kutlusan\u201d) olarak an\u0131lacakt\u0131r. Web sitemiz veya dijital ortamda eri\u015fime sunulmu\u015f ve ziyaretiniz s\u0131ras\u0131nda sizlerin deneyimlerini geli\u015ftirebilmek ad\u0131na baz\u0131 teknolojilerden faydalanmaktay\u0131z. (\u00c7erez vb.). Teknolojileri kullanma amac\u0131m\u0131z 6698 say\u0131l\u0131 KVKK (Ki\u015fisel Verilerin Korunmas\u0131 Kanunu) olmak \u00fczere tabi oldu\u011fumuz mevzuata uygun \u015fekilde ger\u00e7ekle\u015ftirilmektedir.<\/p><p style=\"margin-bottom: 1.25rem; font-family: &quot;Open Sans&quot;, Roboto, Arial, sans-serif; font-size: 14px; line-height: 1.6; text-rendering: optimizelegibility; color: rgb(128, 128, 128);\"><span style=\"font-weight: bold;\">2.&nbsp;&nbsp;&nbsp;&nbsp;&nbsp;&nbsp; AMA\u00c7<\/span><\/p><p style=\"margin-bottom: 1.25rem; font-family: &quot;Open Sans&quot;, Roboto, Arial, sans-serif; font-size: 14px; line-height: 1.6; text-rendering: optimizelegibility; color: rgb(128, 128, 128);\">Web sitemiz veya dijital ortamda kullanm\u0131\u015f oldu\u011fumuz \u00e7erezlerin toplanmas\u0131 yoluyla olu\u015fan ki\u015fisel verilerin i\u015flenmesine ili\u015fkin olarak bilgi vermektedir. Bu politika hangi \u00e7erezleri hangi ama\u00e7larla kulland\u0131\u011f\u0131m\u0131z ve kontrollerinin nas\u0131l yap\u0131laca\u011f\u0131n\u0131n bilgilerini i\u00e7ermektedir.<\/p><p style=\"margin-bottom: 1.25rem; font-family: &quot;Open Sans&quot;, Roboto, Arial, sans-serif; font-size: 14px; line-height: 1.6; text-rendering: optimizelegibility; color: rgb(128, 128, 128);\"><span style=\"font-weight: bold;\">3.&nbsp;&nbsp;&nbsp;&nbsp;&nbsp;&nbsp; POL\u0130T\u0130KA<\/span><\/p><p style=\"margin-bottom: 1.25rem; font-family: &quot;Open Sans&quot;, Roboto, Arial, sans-serif; font-size: 14px; line-height: 1.6; text-rendering: optimizelegibility; color: rgb(128, 128, 128);\">\u015eirket olarak sitemiz de kulland\u0131\u011f\u0131m\u0131z \u00e7erezleri kullanmaktan vazge\u00e7ebilir, fonksiyon&nbsp; veya t\u00fcrlerini de\u011fi\u015ftirebilir veya sitemize yeni \u00e7erezler ekleyebiliriz. Dolay\u0131s\u0131yla \u00c7erez Kullan\u0131m Politikas\u0131 h\u00fck\u00fcmlerini gerekti\u011fi zaman de\u011fi\u015ftirme hakk\u0131n\u0131 sakl\u0131 tutar\u0131z. G\u00fcncel \u00c7erez Kullan\u0131m Politikas\u0131 \u00fczerinde ger\u00e7ekle\u015ftirilmi\u015f olan her t\u00fcrl\u00fc de\u011fi\u015fiklik sitemizde veya herhangi bir kamuya a\u00e7\u0131k mecrada yay\u0131nlanmakla birlikte y\u00fcr\u00fcrl\u00fck kazanacakt\u0131r. Revizyon bilgileri sayfa i\u00e7eri\u011finde belirtilecektir.Sitemiz, di\u011fer pek \u00e7ok web sitesi gibi &#8220;\u00c7erezler&#8221; veya &#8220;Di\u011fer Teknolojileri&#8221; (Google, Apple veya di\u011fer teknolojik uygulamalar\u0131) kullanabilir. \u00c7erezler ve Di\u011fer Teknolojiler, Kutlusan ve \u00fc\u00e7\u00fcnc\u00fc taraflar\u0131n site ziyaretlerinin analiz edilmesi ve siteye yapt\u0131\u011f\u0131n\u0131z ziyaretler hakk\u0131nda bilgi edinmesine yard\u0131mc\u0131 olur. Kullan\u0131lan teknolojinin zorunlu gereksinimi d\u0131\u015f\u0131nda \u00e7erezleri sunucu performanslar\u0131n\u0131 ayarlamak ve gerekli durumlarda b\u00f6lgesel analizler yapmak i\u00e7in kullan\u0131l\u0131r. Bunun d\u0131\u015f\u0131nda \u00e7erezlerin herhangi bir i\u015flem veya kullan\u0131m\u0131 Kutlusan taraf\u0131ndan kullan\u0131m\u0131 s\u00f6z konusu olamaz.&nbsp;<\/p><p style=\"margin-bottom: 1.25rem; font-family: &quot;Open Sans&quot;, Roboto, Arial, sans-serif; font-size: 14px; line-height: 1.6; text-rendering: optimizelegibility; color: rgb(128, 128, 128);\"><span style=\"font-weight: bold;\">\u00c7erezler:<\/span>&nbsp;Web sitemizi ziyaret etti\u011finizde bilgisayar\u0131n\u0131zda veya mobil cihaz\u0131n\u0131zda saklanan k\u00fc\u00e7\u00fck metin belgeleridir. \u00c7erezler tek ba\u015flar\u0131na kimlik a\u00e7\u0131klamak i\u00e7in kullan\u0131lamaz. \u00c7erezler, deneyiminizi iyile\u015ftirmek \u00fczere sitede kullan\u0131labilir. Sitedeki \u00e7erezler sadece sitenin \u00e7al\u0131\u015fmas\u0131 i\u00e7in platformlardan kaynakl\u0131 zorunlu \u00e7erezler ve site performans\u0131na y\u00f6nelik \u00e7al\u0131\u015fmalar yapabilmemiz i\u00e7in sadece ziyaret bilgilerini toplad\u0131\u011f\u0131m\u0131z \u00e7erezlerdir.\u00c7erezler taraf\u0131ndan toplanan ziyaret verileriniz Kutlusan taraf\u0131ndan i\u015flenme ama\u00e7lar\u0131 konusunda detayl\u0131 bilgilere; Web sitemizde yay\u0131nlanan ayd\u0131nlatma metni ve ki\u015fisel verilerin korunmas\u0131 politikas\u0131 dok\u00fcman\u0131ndan ula\u015f\u0131labilir.<\/p><p style=\"margin-bottom: 1.25rem; font-family: &quot;Open Sans&quot;, Roboto, Arial, sans-serif; font-size: 14px; line-height: 1.6; text-rendering: optimizelegibility; color: rgb(128, 128, 128);\">BIS.PO.020 \/ R0 \/ 30.01.2020<\/p>\t\t\t\t\t<\/div>\n\t\t\t\t\t\t<\/div>\n\t\t\t\t<\/div>\n\t\t\t\t\t\t<\/div>\n\t\t\t\t\t<\/div>\n\t\t<\/div>\n\t\t\t\t\t\t\t\t<\/div>\n\t\t\t\t\t<\/div>\n\t\t<\/section>\n\t\t\t\t\t\t<\/div>\n\t\t\t\t\t\t<\/div>\n\t\t\t\t\t<\/div>\n\t\t","protected":false},"excerpt":{"rendered":"<p>\u00c7erez Politikas\u0131 1.&nbsp;&nbsp;&nbsp;&nbsp;&nbsp;&nbsp; KAPSAM Kutlusan Kafes Ekipman ve Hayvanc\u0131l\u0131k San. Ve Tic. A.\u015e. (&#8220;Kutlusan\u201d) olarak an\u0131lacakt\u0131r. Web sitemiz veya dijital ortamda eri\u015fime sunulmu\u015f ve ziyaretiniz s\u0131ras\u0131nda sizlerin deneyimlerini geli\u015ftirebilmek ad\u0131na baz\u0131 teknolojilerden faydalanmaktay\u0131z. (\u00c7erez vb.). Teknolojileri kullanma amac\u0131m\u0131z 6698 say\u0131l\u0131 KVKK (Ki\u015fisel Verilerin Korunmas\u0131 Kanunu) olmak \u00fczere tabi oldu\u011fumuz mevzuata uygun \u015fekilde ger\u00e7ekle\u015ftirilmektedir. 2.&nbsp;&nbsp;&nbsp;&nbsp;&nbsp;&nbsp; AMA\u00c7&hellip;&nbsp;<a href=\"http:\/\/www.buyukkutluvakfi.org.tr\/?page_id=344\" class=\"\" rel=\"bookmark\">Daha fazlas\u0131n\u0131 oku &raquo;<span class=\"screen-reader-text\">\u00c7erez Politikas\u0131<\/span><\/a><\/p>\n","protected":false},"author":1,"featured_media":0,"parent":0,"menu_order":0,"comment_status":"closed","ping_status":"closed","template":"","meta":[],"_links":{"self":[{"href":"http:\/\/www.buyukkutluvakfi.org.tr\/index.php?rest_route=\/wp\/v2\/pages\/344"}],"collection":[{"href":"http:\/\/www.buyukkutluvakfi.org.tr\/index.php?rest_route=\/wp\/v2\/pages"}],"about":[{"href":"http:\/\/www.buyukkutluvakfi.org.tr\/index.php?rest_route=\/wp\/v2\/types\/page"}],"author":[{"embeddable":true,"href":"http:\/\/www.buyukkutluvakfi.org.tr\/index.php?rest_route=\/wp\/v2\/users\/1"}],"replies":[{"embeddable":true,"href":"http:\/\/www.buyukkutluvakfi.org.tr\/index.php?rest_route=%2Fwp%2Fv2%2Fcomments&post=344"}],"version-history":[{"count":5,"href":"http:\/\/www.buyukkutluvakfi.org.tr\/index.php?rest_route=\/wp\/v2\/pages\/344\/revisions"}],"predecessor-version":[{"id":349,"href":"http:\/\/www.buyukkutluvakfi.org.tr\/index.php?rest_route=\/wp\/v2\/pages\/344\/revisions\/349"}],"wp:attachment":[{"href":"http:\/\/www.buyukkutluvakfi.org.tr\/index.php?rest_route=%2Fwp%2Fv2%2Fmedia&parent=344"}],"curies":[{"name":"wp","href":"https:\/\/api.w.org\/{rel}","templated":true}]}}